{"id":213,"date":"2018-05-27T06:18:11","date_gmt":"2018-05-27T06:18:11","guid":{"rendered":"https:\/\/webicode.com\/wp-demos\/ico-blockchain\/?page_id=7"},"modified":"2022-11-09T00:19:07","modified_gmt":"2022-11-09T03:19:07","slug":"home","status":"publish","type":"page","link":"https:\/\/saintstecnologia.com\/en_us\/","title":{"rendered":"Home"},"content":{"rendered":"<div id=\"about\" class=\"vc_row wpb_row vc_row-fluid vc_custom_1531998814492\"><\/p>\n<div class=\"wpb_column vc_column_container vc_col-sm-12\"><div class=\"vc_column-inner\"><div class=\"wpb_wrapper\"><\/p>\n<div class=\"container\"><\/p>\n<div class=\"vc_row wpb_row vc_inner vc_row-fluid\"><\/p>\n<div class=\"wpb_column vc_column_container vc_col-sm-7\"><div class=\"vc_column-inner vc_custom_1531998756514\"><div class=\"wpb_wrapper\"><div class=\"heading margin-bottom-20 _dark\"><h6 class=\"margin-bottom-10\">Saints, your right choice!<\/h6><h4>What we do<\/h4><\/div>\n\n\t<div class=\"wpb_text_column wpb_content_element\" >\n\t\t<div class=\"wpb_wrapper\">\n\t\t\t<p>SAINTS meets the needs of your company offering services in the following areas: Consulting, Development and Implementation, Support and Training.<\/p>\n<p>Our expertise on developing and integrating complex information systems, in addition to our knowledge on business and solution technologies make us the ideal partner for you.<\/p>\n<p>Our team can help your company or your system integrators in implementations, so together we can make sure you have a robust solution.<br \/>\n<br \/>If your company needs consultancy or guidance to expand or improve your systems, we\u2019ll be happy to advise you!<\/p>\n\n\t\t<\/div>\n\t<\/div>\n<br><\/div><\/div><\/div><br><div class=\"wpb_column vc_column_container vc_col-sm-5\"><div class=\"vc_column-inner\"><div class=\"wpb_wrapper\"><br>\n\t<div  class=\"wpb_single_image wpb_content_element vc_align_left\">\n\t\t\n\t\t<figure class=\"wpb_wrapper vc_figure\">\n\t\t\t<div class=\"vc_single_image-wrapper   vc_box_border_grey\"><img loading=\"lazy\" decoding=\"async\" width=\"1033\" height=\"1033\" src=\"https:\/\/saintstecnologia.com\/wp-content\/uploads\/2019\/02\/saints-home.png\" class=\"vc_single_image-img attachment-full\" alt=\"\" srcset=\"https:\/\/saintstecnologia.com\/wp-content\/uploads\/2019\/02\/saints-home.png 1033w, https:\/\/saintstecnologia.com\/wp-content\/uploads\/2019\/02\/saints-home-150x150.png 150w, https:\/\/saintstecnologia.com\/wp-content\/uploads\/2019\/02\/saints-home-300x300.png 300w, https:\/\/saintstecnologia.com\/wp-content\/uploads\/2019\/02\/saints-home-768x768.png 768w, https:\/\/saintstecnologia.com\/wp-content\/uploads\/2019\/02\/saints-home-1024x1024.png 1024w, https:\/\/saintstecnologia.com\/wp-content\/uploads\/2019\/02\/saints-home-600x600.png 600w, https:\/\/saintstecnologia.com\/wp-content\/uploads\/2019\/02\/saints-home-375x375.png 375w, https:\/\/saintstecnologia.com\/wp-content\/uploads\/2019\/02\/saints-home-60x60.png 60w\" sizes=\"auto, (max-width: 1033px) 100vw, 1033px\" \/><\/div>\n\t\t<\/figure>\n\t<\/div>\n<\/div><\/div><\/div><\/div>\n\n\n<div class=\"vc_row wpb_row vc_inner vc_row-fluid\"><\/p><div class=\"wpb_column vc_column_container vc_col-sm-3\"><div class=\"vc_column-inner\"><div class=\"wpb_wrapper\">\n\t\t<br>\n\t\t<div class=\"ib-icon\"><i class=\"flaticon-smartphone\"><\/i><\/div><div class=\"ib-info\"><h4 class=\"h6\">Consulting<\/h4><p>SAINTS offers Consulting services to plan, implement and advise.<\/p><\/div> \n\t\t<a href=\"\/en_us\/servicos\/\">More<\/a>\n\t\t<br>\n\t<\/div><\/div><\/div>\n\t<div class=\"wpb_column vc_column_container vc_col-sm-3\"><div class=\"vc_column-inner\"><div class=\"wpb_wrapper\">\n\t\t<br>\n\t\t<div class=\"ib-icon\"><i class=\"flaticon-smartphone\"><\/i><\/div><div class=\"ib-info\"><h4 class=\"h6\">Development and Implementation<\/h4><p>SAINTS supports its clients on transformation processes.<\/p><\/div> \n\t\t<a href=\"\/en_us\/servicos\/#desenvolvimento-implantacao\">More<\/a><br>\n\t<\/div><\/div><\/div>\n\t<div class=\"wpb_column vc_column_container vc_col-sm-3\"><div class=\"vc_column-inner\"><div class=\"wpb_wrapper\">\n\t\t<br>\n\t\t<div class=\"ib-icon\"><i class=\"flaticon-smartphone\"><\/i><\/div><div class=\"ib-info\"><h4 class=\"h6\">Support<\/h4><p>The systems and support team of your company cannot crash.<\/p><\/div> \n\t\t<a href=\"\/en_us\/servicos\/#suporte\">More<\/a><br>\n\t<\/div><\/div><\/div>\n\n\t<div class=\"wpb_column vc_column_container vc_col-sm-3\"><div class=\"vc_column-inner\"><div class=\"wpb_wrapper\">\n\t\t<br>\n\t\t<div class=\"ib-icon\"><i class=\"flaticon-smartphone\"><\/i><\/div><div class=\"ib-info\"><h4 class=\"h6\">Training<\/h4><p>Our trainings are not only certifications\u2013 they are human capital formation.<\/p><\/div> \n\t\t<a href=\"\/en_us\/servicos\/#formacao-de-capital-humano\">More<\/a><br>\n\t<\/div><\/div><\/div>\n<p><\/div>\n\n\n\n<p><\/div>\n<p><\/div><\/div><\/div>\n<p><\/div>\n<div id=\"token\" class=\"vc_row wpb_row vc_row-fluid vc_custom_1531989147911 vc_row-has-fill\">\n<div class=\"wpb_column vc_column_container vc_col-sm-12\"><div class=\"vc_column-inner\"><div class=\"wpb_wrapper\"><div class=\"container color-white\"><\/p>\n\n<h2 class=\"center\">Solutions<\/h2>\n<br><br>\n<p class=\"center\">Our solutions are going to help you to meet all your company\u2019s goals and develop the utmost innovation in your systems.<\/p>\n<br>\n<div class=\"vc_row wpb_row vc_inner vc_row-fluid\">\n\n<div class=\"wpb_column vc_column_container vc_col-sm-6\"><div class=\"vc_column-inner\"><div class=\"wpb_wrapper\"><\/p>\n\n\n\t<div class=\"wpb_text_column wpb_content_element\" >\n\t\t<div class=\"wpb_wrapper\">\n\t\t\t<h3>Information Systems Interoperability<\/h3>\n<p class=\"default\">Getting the full view of a complex business process requires integration of information and processes. Service orientation is a means of integration between different systems.&nbsp;<a class=\"custom-white-link\" href=\"\/en_us\/solucoes\/#interoperabilidade\">More<\/a><\/p>\n<h3>Internet of Things \u2013 IoT<\/h3>\n<p class=\"default\">The health systems are complex and fragmented. Carrying the citizens\u2019 medical data allows the observation of the care line in their care pathway&nbsp;<a class=\"custom-white-link\" href=\"\/en_us\/solucoes\/#wso2\">More<\/a><\/p>\n<h3>&nbsp;<\/h3>\n<h3>Health Solutions<\/h3>\n<p class=\"default\">Os sistemas de sa\u00fade s\u00e3o complexos e fragmentados, portar os dados cl\u00ednicos dos cidad\u00e3os permite observar a linha de cuidado no seu percurso assistencial.&nbsp;&nbsp;<a class=\"custom-white-link\" href=\"\/en_us\/solucoes\/#solucoes-saude\">More<\/a><\/p>\n\n\t\t<\/div>\n\t<\/div>\n\n<p><\/div><\/div><\/div>\n<div class=\"countdown-tw-col wpb_column vc_column_container vc_col-sm-6\"><div class=\"vc_column-inner\"><div class=\"wpb_wrapper\">\n\t<div class=\"wpb_text_column wpb_content_element\" >\n\t\t<div class=\"wpb_wrapper\">\n\t\t\t<h3 class=\"mt16\">Customer Identity and Access Management Solution<\/h3>\n<p class=\"default\">With the growing demand for privacy and use of user-driven data, there is no\nbetter time to choose a customer identity and access management strategy.&nbsp;&nbsp;&nbsp;<a class=\"custom-white-link\" href=\"\/en_us\/solucoes\/#solucoes-gerenciamento-de-identidade\">More<\/a><\/p>\n<h3>Telecom Solutions<\/h3>\n<p class=\"default\">Telecommunication technologies went beyond simply exchanging messages and now it means paying bills, ordering food, ordering cabs, buying movie tickets, and even finding the location of your loved ones. &nbsp;<a class=\"custom-white-link\" href=\"\/en_us\/solucoes\/#solucao-telecom\">More<\/a><\/p>\n<h3>Financial Services Solutions<\/h3>\n<p class=\"default\">A free software integration platform that offers agility and digital transformation for financial services companies. &nbsp;<a class=\"custom-white-link\" href=\"\/en_us\/solucoes\/#solucoes-servicos-financeiros\">More<\/a><\/p>\n\n\t\t<\/div>\n\t<\/div>\n<p><\/div><\/div><\/div><\/div><\/div><\/div><\/div><\/div><\/div>\n\n<div id=\"team\" class=\"vc_row wpb_row vc_row-fluid vc_custom_1531989951330\"><div class=\"wpb_column vc_column_container vc_col-sm-12\"><div class=\"vc_column-inner\"><div class=\"wpb_wrapper\"><div class=\"container\">\n\t<div class=\"wpb_text_column wpb_content_element\" >\n\t\t<div class=\"wpb_wrapper\">\n\t\t\t<div class=\"heading somos text-center\">\n<h2>Our team consists of:<\/h2>\n<\/div>\n<div class=\"vc_row wpb_row vc_inner vc_row-fluid\"><br \/>\n\t<div class=\"wpb_column vc_column_container vc_col-sm-6\"><div class=\"vc_column-inner\"><div class=\"wpb_wrapper\"><br \/>\n<br \/>\n\t\t<div class=\"panel-group accordion\" id=\"accordion\"><br \/>\n\t\t\t<div class=\"panel panel-default\"><div class=\"panel-heading\"><h4 class=\"panel-title\"><a class=\"collapsed\">Business Analysts<\/a><\/h4><\/div><div id=\"collapse3173\" class=\"panel-collapse collapse\"><div class=\"panel-body\"><\/div><\/div><\/div><br \/>\n\t\t\t<div class=\"panel panel-default\"><div class=\"panel-heading\"><h4 class=\"panel-title\"><a class=\"collapsed\">Business Architects<\/a><\/h4><\/div><div id=\"collapse8416\" class=\"panel-collapse collapse\"><div class=\"panel-body\"><\/div><\/div><\/div><br \/>\n\t\t\t<div class=\"panel panel-default\"><div class=\"panel-heading\"><h4 class=\"panel-title\"><a class=\"collapsed\">Data Scientists<\/a><\/h4><\/div><div id=\"collapse8261\" class=\"panel-collapse collapse\"><div class=\"panel-body\"><\/div><\/div><\/div><br \/>\n\t\t\t<div class=\"panel panel-default\"><div class=\"panel-heading\"><h4 class=\"panel-title\"><a class=\"collapsed\">Database Administrators<\/a><\/h4><\/div><div id=\"collapse8916\" class=\"panel-collapse collapse\"><div class=\"panel-body\"><\/div><\/div><\/div><br \/>\n\t\t\t<div class=\"panel panel-default\"><div class=\"panel-heading\"><h4 class=\"panel-title\"><a class=\"collapsed\">Engineers<\/a><\/h4><\/div><div id=\"collapse8931\" class=\"panel-collapse collapse\"><div class=\"panel-body\"><\/div><\/div><\/div><br \/>\n\t\t\t<div class=\"panel panel-default\"><div class=\"panel-heading\"><h4 class=\"panel-title\"><a class=\"collapsed\">Information Systems Architects<\/a><\/h4><\/div><div id=\"collapse5980\" class=\"panel-collapse collapse\"><div class=\"panel-body\"><\/div><\/div><\/div><br \/>\n\t\t\t<div class=\"panel panel-default\"><div class=\"panel-heading\"><h4 class=\"panel-title\"><a class=\"collapsed\">Infrastructure Experts<\/a><\/h4><\/div><div id=\"collapse5151\" class=\"panel-collapse collapse\"><div class=\"panel-body\"><\/div><\/div><\/div><br \/>\n\t\t<\/div><br \/>\n\t<\/div><\/div><\/div><br \/>\n\t<div class=\"wpb_column vc_column_container vc_col-sm-6\"><div class=\"vc_column-inner\"><div class=\"wpb_wrapper\"><br \/>\n\t\t<div class=\"panel-group accordion\" id=\"accordion\"><br \/>\n<br \/>\n\t\t\t<div class=\"panel panel-default\"><div class=\"panel-heading\"><h4 class=\"panel-title\"><a class=\"collapsed\">Interface Designers<\/a><\/h4><\/div><div id=\"collapse17\" class=\"panel-collapse collapse\"><div class=\"panel-body\"><\/div><\/div><\/div><br \/>\n\t\t\t<div class=\"panel panel-default\"><div class=\"panel-heading\"><h4 class=\"panel-title\"><a class=\"collapsed\">Interoperability Analysts<\/a><\/h4><\/div><div id=\"collapse5732\" class=\"panel-collapse collapse\"><div class=\"panel-body\"><\/div><\/div><\/div><br \/>\n\t\t\t<div class=\"panel panel-default\"><div class=\"panel-heading\"><h4 class=\"panel-title\"><a class=\"collapsed\">IT Governance Experts<\/a><\/h4><\/div><div id=\"collapse3364\" class=\"panel-collapse collapse\"><div class=\"panel-body\"><\/div><\/div><\/div><br \/>\n\t\t\t<div class=\"panel panel-default\"><div class=\"panel-heading\"><h4 class=\"panel-title\"><a class=\"collapsed\">Programmers<\/a><\/h4><\/div><div id=\"collapse500\" class=\"panel-collapse collapse\"><div class=\"panel-body\"><\/div><\/div><\/div><br \/>\n\t\t\t<div class=\"panel panel-default\"><div class=\"panel-heading\"><h4 class=\"panel-title\"><a class=\"collapsed\">Project Managers<\/a><\/h4><\/div><div id=\"collapse834\" class=\"panel-collapse collapse\"><div class=\"panel-body\"><\/div><\/div><\/div><br \/>\n\t\t\t<div class=\"panel panel-default\"><div class=\"panel-heading\"><h4 class=\"panel-title\"><a class=\"collapsed\">Scrum Masters<\/a><\/h4><\/div><div id=\"collapse5632\" class=\"panel-collapse collapse\"><div class=\"panel-body\"><\/div><\/div><\/div>\n<p>\t\t<\/div><br \/>\n\t<\/div><\/div><\/div><br \/>\n<\/div>\n\n\t\t<\/div>\n\t<\/div>\n<div class=\"vc_empty_space\"   style=\"height: 45px\" ><span class=\"vc_empty_space_inner\"><\/span><\/div>\n\n<div class=\"vc_row wpb_row vc_inner vc_row-fluid\">\n<\/div><\/div><\/div><\/div><\/div><\/div>\n\n\n\n<p><\/p>","protected":false},"excerpt":{"rendered":"Saints, sua escolha certa!O que fazemos A SAINTS, atende as necessidades de sua empresa com servi\u00e7os de Consultoria, Desenvolvimento e Implementa\u00e7\u00e3o, Suporte e Treinamento. A experi\u00eancia em desenvolver e integrar sistemas de informa\u00e7\u00e3o complexos, e conhecimentos em tecnologia de neg\u00f3cios e de solu\u00e7\u00f5es nos torna seu parceiro ideal. Nossa equipe pode ajudar sua empresa ou&hellip;","protected":false},"author":1,"featured_media":0,"parent":0,"menu_order":0,"comment_status":"closed","ping_status":"closed","template":"page-template-one.php","meta":{"_acf_changed":false,"footnotes":""},"class_list":["post-213","page","type-page","status-publish","hentry"],"acf":[],"_links":{"self":[{"href":"https:\/\/saintstecnologia.com\/en_us\/wp-json\/wp\/v2\/pages\/213","targetHints":{"allow":["GET"]}}],"collection":[{"href":"https:\/\/saintstecnologia.com\/en_us\/wp-json\/wp\/v2\/pages"}],"about":[{"href":"https:\/\/saintstecnologia.com\/en_us\/wp-json\/wp\/v2\/types\/page"}],"author":[{"embeddable":true,"href":"https:\/\/saintstecnologia.com\/en_us\/wp-json\/wp\/v2\/users\/1"}],"replies":[{"embeddable":true,"href":"https:\/\/saintstecnologia.com\/en_us\/wp-json\/wp\/v2\/comments?post=213"}],"version-history":[{"count":301,"href":"https:\/\/saintstecnologia.com\/en_us\/wp-json\/wp\/v2\/pages\/213\/revisions"}],"predecessor-version":[{"id":1297,"href":"https:\/\/saintstecnologia.com\/en_us\/wp-json\/wp\/v2\/pages\/213\/revisions\/1297"}],"wp:attachment":[{"href":"https:\/\/saintstecnologia.com\/en_us\/wp-json\/wp\/v2\/media?parent=213"}],"curies":[{"name":"wp","href":"https:\/\/api.w.org\/{rel}","templated":true}]}}